{"id":28,"date":"2012-05-22T20:43:52","date_gmt":"2012-05-22T20:43:52","guid":{"rendered":"http:\/\/aliquando.id-3.net\/?page_id=28"},"modified":"2025-12-02T16:03:22","modified_gmt":"2025-12-02T21:03:22","slug":"mes-proprietes","status":"publish","type":"page","link":"https:\/\/dannybarbeau.com\/en\/mes-proprietes\/","title":{"rendered":"My properties"},"content":{"rendered":"<p><\/p>\n<p><\/p>","protected":false},"excerpt":{"rendered":"","protected":false},"author":1,"featured_media":0,"parent":0,"menu_order":10,"comment_status":"open","ping_status":"closed","template":"t_listings.php","meta":{"_acf_changed":false,"footnotes":""},"class_list":["post-28","page","type-page","status-publish","hentry"],"acf":[],"yoast_head":"<!-- This site is optimized with the Yoast SEO plugin v26.7 - https:\/\/yoast.com\/wordpress\/plugins\/seo\/ -->\n<title>Mes propri\u00e9t\u00e9sMy properties - Danny Barbeau - Remax Qu\u00e9bec<\/title>\n<meta name=\"description\" content=\"Propri\u00e9t\u00e9s \u00e0 vendre Danny Barbeau\u00cates-vous \u00e0 la recherche d&#039;une propri\u00e9t\u00e9 \u00e0 Danny Barbeau? D\u00e9couvrez les propri\u00e9t\u00e9s offertes par Chamsi Bensaid, courtier immobilier RE\/MAX Actif. Pour information, appelez au : 418 265-0641.\" \/>\n<meta name=\"robots\" content=\"index, follow, max-snippet:-1, max-image-preview:large, max-video-preview:-1\" \/>\n<link rel=\"canonical\" href=\"https:\/\/dannybarbeau.com\/mes-proprietes\/\" \/>\n<meta property=\"og:locale\" content=\"en_US\" \/>\n<meta property=\"og:type\" content=\"article\" \/>\n<meta property=\"og:title\" content=\"Mes propri\u00e9t\u00e9sMy properties - Danny Barbeau - Remax Qu\u00e9bec\" \/>\n<meta property=\"og:description\" content=\"Propri\u00e9t\u00e9s \u00e0 vendre Danny Barbeau\u00cates-vous \u00e0 la recherche d&#039;une propri\u00e9t\u00e9 \u00e0 Danny Barbeau? D\u00e9couvrez les propri\u00e9t\u00e9s offertes par Chamsi Bensaid, courtier immobilier RE\/MAX Actif. Pour information, appelez au : 418 265-0641.\" \/>\n<meta property=\"og:url\" content=\"https:\/\/dannybarbeau.com\/mes-proprietes\/\" \/>\n<meta property=\"og:site_name\" content=\"Danny Barbeau - Remax Qu\u00e9bec\" \/>\n<meta property=\"article:publisher\" content=\"https:\/\/www.facebook.com\/DannyBarbeauCourtier\/\" \/>\n<meta property=\"article:modified_time\" content=\"2025-12-02T21:03:22+00:00\" \/>\n<meta property=\"og:image\" content=\"https:\/\/dannybarbeau.com\/files\/2024\/08\/header_kamelo2022.jpg\" \/>\n<meta name=\"twitter:card\" content=\"summary_large_image\" \/>\n<meta name=\"twitter:image\" content=\"https:\/\/dannybarbeau.com\/files\/2024\/08\/header_kamelo2022.jpg\" \/>\n<meta name=\"twitter:site\" content=\"@Danny_Barbeau\" \/>\n<script type=\"application\/ld+json\" class=\"yoast-schema-graph\">{\"@context\":\"https:\/\/schema.org\",\"@graph\":[{\"@type\":\"WebPage\",\"@id\":\"https:\/\/dannybarbeau.com\/mes-proprietes\/\",\"url\":\"https:\/\/dannybarbeau.com\/mes-proprietes\/\",\"name\":\"Mes propri\u00e9t\u00e9sMy properties - Danny Barbeau - Remax Qu\u00e9bec\",\"isPartOf\":{\"@id\":\"https:\/\/dannybarbeau.com\/#website\"},\"datePublished\":\"2012-05-22T20:43:52+00:00\",\"dateModified\":\"2025-12-02T21:03:22+00:00\",\"description\":\"Propri\u00e9t\u00e9s \u00e0 vendre Danny Barbeau\u00cates-vous \u00e0 la recherche d'une propri\u00e9t\u00e9 \u00e0 Danny Barbeau? D\u00e9couvrez les propri\u00e9t\u00e9s offertes par Chamsi Bensaid, courtier immobilier RE\/MAX Actif. Pour information, appelez au : 418 265-0641.\",\"breadcrumb\":{\"@id\":\"https:\/\/dannybarbeau.com\/mes-proprietes\/#breadcrumb\"},\"inLanguage\":\"en-US\",\"potentialAction\":[{\"@type\":\"ReadAction\",\"target\":[\"https:\/\/dannybarbeau.com\/mes-proprietes\/\"]}]},{\"@type\":\"BreadcrumbList\",\"@id\":\"https:\/\/dannybarbeau.com\/mes-proprietes\/#breadcrumb\",\"itemListElement\":[{\"@type\":\"ListItem\",\"position\":1,\"name\":\"Accueil\",\"item\":\"https:\/\/dannybarbeau.com\/\"},{\"@type\":\"ListItem\",\"position\":2,\"name\":\"Mes propri\u00e9t\u00e9s\"}]},{\"@type\":\"WebSite\",\"@id\":\"https:\/\/dannybarbeau.com\/#website\",\"url\":\"https:\/\/dannybarbeau.com\/\",\"name\":\"Danny Barbeau - Remax Qu\u00e9bec\",\"description\":\"Courtier immobilier\",\"publisher\":{\"@id\":\"https:\/\/dannybarbeau.com\/#organization\"},\"potentialAction\":[{\"@type\":\"SearchAction\",\"target\":{\"@type\":\"EntryPoint\",\"urlTemplate\":\"https:\/\/dannybarbeau.com\/?s={search_term_string}\"},\"query-input\":{\"@type\":\"PropertyValueSpecification\",\"valueRequired\":true,\"valueName\":\"search_term_string\"}}],\"inLanguage\":\"en-US\"},{\"@type\":\"Organization\",\"@id\":\"https:\/\/dannybarbeau.com\/#organization\",\"name\":\"Danny Barbeau - Remax Qu\u00e9bec\",\"url\":\"https:\/\/dannybarbeau.com\/\",\"logo\":{\"@type\":\"ImageObject\",\"inLanguage\":\"en-US\",\"@id\":\"https:\/\/dannybarbeau.com\/#\/schema\/logo\/image\/\",\"url\":\"https:\/\/dannybarbeau.com\/files\/2024\/08\/header_kamelo2022.jpg\",\"contentUrl\":\"https:\/\/dannybarbeau.com\/files\/2024\/08\/header_kamelo2022.jpg\",\"width\":600,\"height\":284,\"caption\":\"Danny Barbeau - Remax Qu\u00e9bec\"},\"image\":{\"@id\":\"https:\/\/dannybarbeau.com\/#\/schema\/logo\/image\/\"},\"sameAs\":[\"https:\/\/www.facebook.com\/DannyBarbeauCourtier\/\",\"https:\/\/x.com\/Danny_Barbeau\",\"https:\/\/www.linkedin.com\/in\/danny-barbeau-70b60256\/\"]}]}<\/script>\n<!-- \/ Yoast SEO plugin. -->","yoast_head_json":{"title":"Mes propri\u00e9t\u00e9sMy properties - Danny Barbeau - Remax Qu\u00e9bec","description":"Propri\u00e9t\u00e9s \u00e0 vendre Danny Barbeau\u00cates-vous \u00e0 la recherche d'une propri\u00e9t\u00e9 \u00e0 Danny Barbeau? D\u00e9couvrez les propri\u00e9t\u00e9s offertes par Chamsi Bensaid, courtier immobilier RE\/MAX Actif. Pour information, appelez au : 418 265-0641.","robots":{"index":"index","follow":"follow","max-snippet":"max-snippet:-1","max-image-preview":"max-image-preview:large","max-video-preview":"max-video-preview:-1"},"canonical":"https:\/\/dannybarbeau.com\/mes-proprietes\/","og_locale":"en_US","og_type":"article","og_title":"Mes propri\u00e9t\u00e9sMy properties - Danny Barbeau - Remax Qu\u00e9bec","og_description":"Propri\u00e9t\u00e9s \u00e0 vendre Danny Barbeau\u00cates-vous \u00e0 la recherche d'une propri\u00e9t\u00e9 \u00e0 Danny Barbeau? D\u00e9couvrez les propri\u00e9t\u00e9s offertes par Chamsi Bensaid, courtier immobilier RE\/MAX Actif. Pour information, appelez au : 418 265-0641.","og_url":"https:\/\/dannybarbeau.com\/mes-proprietes\/","og_site_name":"Danny Barbeau - Remax Qu\u00e9bec","article_publisher":"https:\/\/www.facebook.com\/DannyBarbeauCourtier\/","article_modified_time":"2025-12-02T21:03:22+00:00","og_image":[{"url":"https:\/\/dannybarbeau.com\/files\/2024\/08\/header_kamelo2022.jpg","type":"","width":"","height":""}],"twitter_card":"summary_large_image","twitter_image":"https:\/\/dannybarbeau.com\/files\/2024\/08\/header_kamelo2022.jpg","twitter_site":"@Danny_Barbeau","schema":{"@context":"https:\/\/schema.org","@graph":[{"@type":"WebPage","@id":"https:\/\/dannybarbeau.com\/mes-proprietes\/","url":"https:\/\/dannybarbeau.com\/mes-proprietes\/","name":"Mes propri\u00e9t\u00e9sMy properties - Danny Barbeau - Remax Qu\u00e9bec","isPartOf":{"@id":"https:\/\/dannybarbeau.com\/#website"},"datePublished":"2012-05-22T20:43:52+00:00","dateModified":"2025-12-02T21:03:22+00:00","description":"Propri\u00e9t\u00e9s \u00e0 vendre Danny Barbeau\u00cates-vous \u00e0 la recherche d'une propri\u00e9t\u00e9 \u00e0 Danny Barbeau? D\u00e9couvrez les propri\u00e9t\u00e9s offertes par Chamsi Bensaid, courtier immobilier RE\/MAX Actif. Pour information, appelez au : 418 265-0641.","breadcrumb":{"@id":"https:\/\/dannybarbeau.com\/mes-proprietes\/#breadcrumb"},"inLanguage":"en-US","potentialAction":[{"@type":"ReadAction","target":["https:\/\/dannybarbeau.com\/mes-proprietes\/"]}]},{"@type":"BreadcrumbList","@id":"https:\/\/dannybarbeau.com\/mes-proprietes\/#breadcrumb","itemListElement":[{"@type":"ListItem","position":1,"name":"Accueil","item":"https:\/\/dannybarbeau.com\/"},{"@type":"ListItem","position":2,"name":"Mes propri\u00e9t\u00e9s"}]},{"@type":"WebSite","@id":"https:\/\/dannybarbeau.com\/#website","url":"https:\/\/dannybarbeau.com\/","name":"Danny Barbeau - Remax Qu\u00e9bec","description":"Courtier immobilier","publisher":{"@id":"https:\/\/dannybarbeau.com\/#organization"},"potentialAction":[{"@type":"SearchAction","target":{"@type":"EntryPoint","urlTemplate":"https:\/\/dannybarbeau.com\/?s={search_term_string}"},"query-input":{"@type":"PropertyValueSpecification","valueRequired":true,"valueName":"search_term_string"}}],"inLanguage":"en-US"},{"@type":"Organization","@id":"https:\/\/dannybarbeau.com\/#organization","name":"Danny Barbeau - Remax Qu\u00e9bec","url":"https:\/\/dannybarbeau.com\/","logo":{"@type":"ImageObject","inLanguage":"en-US","@id":"https:\/\/dannybarbeau.com\/#\/schema\/logo\/image\/","url":"https:\/\/dannybarbeau.com\/files\/2024\/08\/header_kamelo2022.jpg","contentUrl":"https:\/\/dannybarbeau.com\/files\/2024\/08\/header_kamelo2022.jpg","width":600,"height":284,"caption":"Danny Barbeau - Remax Qu\u00e9bec"},"image":{"@id":"https:\/\/dannybarbeau.com\/#\/schema\/logo\/image\/"},"sameAs":["https:\/\/www.facebook.com\/DannyBarbeauCourtier\/","https:\/\/x.com\/Danny_Barbeau","https:\/\/www.linkedin.com\/in\/danny-barbeau-70b60256\/"]}]}},"_links":{"self":[{"href":"https:\/\/dannybarbeau.com\/en\/wp-json\/wp\/v2\/pages\/28","targetHints":{"allow":["GET"]}}],"collection":[{"href":"https:\/\/dannybarbeau.com\/en\/wp-json\/wp\/v2\/pages"}],"about":[{"href":"https:\/\/dannybarbeau.com\/en\/wp-json\/wp\/v2\/types\/page"}],"author":[{"embeddable":true,"href":"https:\/\/dannybarbeau.com\/en\/wp-json\/wp\/v2\/users\/1"}],"replies":[{"embeddable":true,"href":"https:\/\/dannybarbeau.com\/en\/wp-json\/wp\/v2\/comments?post=28"}],"version-history":[{"count":1,"href":"https:\/\/dannybarbeau.com\/en\/wp-json\/wp\/v2\/pages\/28\/revisions"}],"predecessor-version":[{"id":478,"href":"https:\/\/dannybarbeau.com\/en\/wp-json\/wp\/v2\/pages\/28\/revisions\/478"}],"wp:attachment":[{"href":"https:\/\/dannybarbeau.com\/en\/wp-json\/wp\/v2\/media?parent=28"}],"curies":[{"name":"wp","href":"https:\/\/api.w.org\/{rel}","templated":true}]}}